{"id":4850,"date":"2019-11-25T13:57:32","date_gmt":"2019-11-25T13:57:32","guid":{"rendered":"https:\/\/www.demencias.cl\/?page_id=4850"},"modified":"2019-11-25T13:57:32","modified_gmt":"2019-11-25T13:57:32","slug":"cursos-y-congresos","status":"publish","type":"page","link":"https:\/\/www.demencias.cl\/?page_id=4850","title":{"rendered":"Cursos y Congresos"},"content":{"rendered":"<p>En este espacio estaremos publicando actividades de inter\u00e9s vinculadas con la formaci\u00f3n continua en demencias.<\/p>\n<hr \/>\n<p><strong>Jornada internacional post-t\u00edtulo psicoterapia psicoanal\u00edtica<\/strong><br \/>\n<a href=\"http:\/\/upd.cl\/6-dic-jornada-internacional-post-titulo-psicoterapia-psicoanalitica\/\" target=\"_blank\" rel=\"noopener noreferrer\">http:\/\/upd.cl\/6-dic-jornada-internacional-post-titulo-psicoterapia-psicoanalitica\/<\/a><\/p>\n<hr \/>\n<p><strong>Future GSA Annual Scientific Meetings<\/strong><br \/>\n<a href=\"https:\/\/www.geron.org\/meetings-events\/future-gsa-annual-scientific-meetings\" target=\"_blank\" rel=\"noopener noreferrer\">https:\/\/www.geron.org\/meetings-events\/future-gsa-annual-scientific-meetings<\/a><\/p>\n<hr \/>\n<p><strong>Alzheimer\u2019s Association International Conference\u00ae<br \/>\n<\/strong><a href=\"https:\/\/www.alz.org\/aaic\/overview.asp\" target=\"_blank\" rel=\"noopener noreferrer\">https:\/\/www.alz.org\/aaic\/overview.asp<\/a><\/p>\n","protected":false},"excerpt":{"rendered":"<p>En este espacio estaremos publicando actividades de inter\u00e9s vinculadas con la formaci\u00f3n continua en demencias. Jornada internacional post-t\u00edtulo psicoterapia psicoanal\u00edtica http:\/\/upd.cl\/6-dic-jornada-internacional-post-titulo-psicoterapia-psicoanalitica\/ Future GSA Annual Scientific Meetings https:\/\/www.geron.org\/meetings-events\/future-gsa-annual-scientific-meetings Alzheimer\u2019s Association International Conference\u00ae https:\/\/www.alz.org\/aaic\/overview.asp<\/p>\n","protected":false},"author":1,"featured_media":0,"parent":0,"menu_order":0,"comment_status":"closed","ping_status":"closed","template":"","meta":[],"_links":{"self":[{"href":"https:\/\/www.demencias.cl\/index.php?rest_route=\/wp\/v2\/pages\/4850"}],"collection":[{"href":"https:\/\/www.demencias.cl\/index.php?rest_route=\/wp\/v2\/pages"}],"about":[{"href":"https:\/\/www.demencias.cl\/index.php?rest_route=\/wp\/v2\/types\/page"}],"author":[{"embeddable":true,"href":"https:\/\/www.demencias.cl\/index.php?rest_route=\/wp\/v2\/users\/1"}],"replies":[{"embeddable":true,"href":"https:\/\/www.demencias.cl\/index.php?rest_route=%2Fwp%2Fv2%2Fcomments&post=4850"}],"version-history":[{"count":1,"href":"https:\/\/www.demencias.cl\/index.php?rest_route=\/wp\/v2\/pages\/4850\/revisions"}],"predecessor-version":[{"id":4851,"href":"https:\/\/www.demencias.cl\/index.php?rest_route=\/wp\/v2\/pages\/4850\/revisions\/4851"}],"wp:attachment":[{"href":"https:\/\/www.demencias.cl\/index.php?rest_route=%2Fwp%2Fv2%2Fmedia&parent=4850"}],"curies":[{"name":"wp","href":"https:\/\/api.w.org\/{rel}","templated":true}]}}