{"id":4815,"date":"2019-11-22T12:29:11","date_gmt":"2019-11-22T12:29:11","guid":{"rendered":"https:\/\/www.demencias.cl\/?page_id=4815"},"modified":"2019-12-23T12:47:32","modified_gmt":"2019-12-23T12:47:32","slug":"publicaciones","status":"publish","type":"page","link":"https:\/\/www.demencias.cl\/?page_id=4815","title":{"rendered":"Publicaciones"},"content":{"rendered":"\n<hr class=\"wp-block-separator\"\/>\n\n\n<p style=\"text-align: justify;\"><strong>Libro <\/strong><strong>\u201cDemencias: una mirada biopsicosocial\u201d<\/strong> compila un conjunto de conocimientos que el equipo de autores y colaboradores ha generado a partir de su experiencia profesional, la b\u00fasqueda de evidencia cient\u00edfica transferible a la realidad local, y por sobre todo, la interacci\u00f3n con los equipos sociosanitarios vinculados actualmente a las pol\u00edticas sociales y de salud en torno a la demencia y salud mental en Chile.<\/p>\n<hr \/>\n<ul>\n<li><strong data-rich-text-format-boundary=\"true\">Demencias: una mirada biopsicosocial.<\/strong><\/li>\n<li><strong><a href=\"https:\/\/www.demencias.cl\/?page_id=4720\" data-rich-text-format-boundary=\"true\">Descargar la versi\u00f3n pdf del Libro<\/a><\/strong><\/li>\n<\/ul>\n<hr \/>\n<h5>\u00a0<\/h5>\n\n\n<p><strong><br><\/strong><\/p>\n","protected":false},"excerpt":{"rendered":"<p>Libro \u201cDemencias: una mirada biopsicosocial\u201d compila un conjunto de conocimientos que el equipo de autores y colaboradores ha generado a partir de su experiencia profesional, la b\u00fasqueda de evidencia cient\u00edfica transferible a la realidad local, y por sobre todo, la interacci\u00f3n con los equipos sociosanitarios vinculados actualmente a las pol\u00edticas sociales y de salud en [&hellip;]<\/p>\n","protected":false},"author":1,"featured_media":4892,"parent":0,"menu_order":0,"comment_status":"closed","ping_status":"closed","template":"","meta":[],"_links":{"self":[{"href":"https:\/\/www.demencias.cl\/index.php?rest_route=\/wp\/v2\/pages\/4815"}],"collection":[{"href":"https:\/\/www.demencias.cl\/index.php?rest_route=\/wp\/v2\/pages"}],"about":[{"href":"https:\/\/www.demencias.cl\/index.php?rest_route=\/wp\/v2\/types\/page"}],"author":[{"embeddable":true,"href":"https:\/\/www.demencias.cl\/index.php?rest_route=\/wp\/v2\/users\/1"}],"replies":[{"embeddable":true,"href":"https:\/\/www.demencias.cl\/index.php?rest_route=%2Fwp%2Fv2%2Fcomments&post=4815"}],"version-history":[{"count":13,"href":"https:\/\/www.demencias.cl\/index.php?rest_route=\/wp\/v2\/pages\/4815\/revisions"}],"predecessor-version":[{"id":4906,"href":"https:\/\/www.demencias.cl\/index.php?rest_route=\/wp\/v2\/pages\/4815\/revisions\/4906"}],"wp:featuredmedia":[{"embeddable":true,"href":"https:\/\/www.demencias.cl\/index.php?rest_route=\/wp\/v2\/media\/4892"}],"wp:attachment":[{"href":"https:\/\/www.demencias.cl\/index.php?rest_route=%2Fwp%2Fv2%2Fmedia&parent=4815"}],"curies":[{"name":"wp","href":"https:\/\/api.w.org\/{rel}","templated":true}]}}