{"id":4720,"date":"2019-10-18T23:11:56","date_gmt":"2019-10-18T23:11:56","guid":{"rendered":"https:\/\/www.demencias.cl\/?page_id=4720"},"modified":"2019-11-25T14:53:38","modified_gmt":"2019-11-25T14:53:38","slug":"registro-en-linea-descarga-libro","status":"publish","type":"page","link":"https:\/\/www.demencias.cl\/?page_id=4720","title":{"rendered":"Reg\u00edstrese aqu\u00ed para descargar gratuitamente versi\u00f3n digital"},"content":{"rendered":"<hr>\n<p style=\"text-align: justify;\">Una vez ingresados&nbsp; sus datos recibir\u00e1 en su correo electr\u00f3nico un link para descargar la versi\u00f3n pdf del Libro &#8220;<strong>Demencias: una mirada biopsicosocial.<\/strong>&#8220;<\/p>\n<hr>\n<div role=\"form\" class=\"wpcf7\" id=\"wpcf7-f4719-o1\" lang=\"es-ES\" dir=\"ltr\">\n<div class=\"screen-reader-response\" role=\"alert\" aria-live=\"polite\"><\/div>\n<form action=\"\/index.php?rest_route=%2Fwp%2Fv2%2Fpages%2F4720#wpcf7-f4719-o1\" method=\"post\" class=\"wpcf7-form init\" novalidate=\"novalidate\">\n<div style=\"display: none;\">\n<input type=\"hidden\" name=\"_wpcf7\" value=\"4719\" \/>\n<input type=\"hidden\" name=\"_wpcf7_version\" value=\"5.2.2\" \/>\n<input type=\"hidden\" name=\"_wpcf7_locale\" value=\"es_ES\" \/>\n<input type=\"hidden\" name=\"_wpcf7_unit_tag\" value=\"wpcf7-f4719-o1\" \/>\n<input type=\"hidden\" name=\"_wpcf7_container_post\" value=\"0\" \/>\n<input type=\"hidden\" name=\"_wpcf7_posted_data_hash\" value=\"\" \/>\n<\/div>\n<p><label><b>Nombre<\/b><br \/>\n    <span class=\"wpcf7-form-control-wrap nombre\"><input type=\"text\" name=\"nombre\" value=\"\" size=\"40\" class=\"wpcf7-form-control wpcf7-text wpcf7-validates-as-required\" aria-required=\"true\" aria-invalid=\"false\" \/><\/span> <\/label><br \/>\n<label><b>Apellido<\/b><br \/>\n    <span class=\"wpcf7-form-control-wrap apellido\"><input type=\"text\" name=\"apellido\" value=\"\" size=\"40\" class=\"wpcf7-form-control wpcf7-text wpcf7-validates-as-required\" aria-required=\"true\" aria-invalid=\"false\" \/><\/span> <\/label><br \/>\n<label><b>E-mail<\/b><br \/>\n    <span class=\"wpcf7-form-control-wrap email\"><input type=\"email\" name=\"email\" value=\"\" size=\"40\" class=\"wpcf7-form-control wpcf7-text wpcf7-email wpcf7-validates-as-required wpcf7-validates-as-email\" aria-required=\"true\" aria-invalid=\"false\" \/><\/span> <\/label><br \/>\n<label><b>Pa\u00eds<\/b><br \/>\n    <span class=\"wpcf7-form-control-wrap pais\"><input type=\"text\" name=\"pais\" value=\"\" size=\"40\" class=\"wpcf7-form-control wpcf7-text wpcf7-validates-as-required\" aria-required=\"true\" aria-invalid=\"false\" \/><\/span> <\/label><br \/>\n<label><b>Comuna<\/b><br \/>\n    <span class=\"wpcf7-form-control-wrap comuna\"><input type=\"text\" name=\"comuna\" value=\"\" size=\"40\" class=\"wpcf7-form-control wpcf7-text\" aria-invalid=\"false\" \/><\/span> <\/label><\/p>\n<p><b>Ocupaci\u00f3n Principal<\/b><span class=\"wpcf7-form-control-wrap ocupacion\"><select name=\"ocupacion\" class=\"wpcf7-form-control wpcf7-select\" aria-invalid=\"false\"><option value=\"Seleccione\">Seleccione<\/option><option value=\"1.Abogado\/a\">1.Abogado\/a<\/option><option value=\"2.Antrop\u00f3logo\/a\">2.Antrop\u00f3logo\/a<\/option><option value=\"3.Arquitecto\/a\">3.Arquitecto\/a<\/option><option value=\"4.Enfermera\/o\">4.Enfermera\/o<\/option><option value=\"5.Economista\">5.Economista<\/option><option value=\"6.Estudiante\">6.Estudiante<\/option><option value=\"7.Fonoaudi\u00f3logo\/a\">7.Fonoaudi\u00f3logo\/a<\/option><option value=\"8.Ingeniero\">8.Ingeniero<\/option><option value=\"9.Kinesi\u00f3logo\/a\">9.Kinesi\u00f3logo\/a<\/option><option value=\"10.Licenciada\/o en ciencias b\u00e1sicas (Qu\u00edmica\/Biolog\u00eda\/F\u00edsica)\">10.Licenciada\/o en ciencias b\u00e1sicas (Qu\u00edmica\/Biolog\u00eda\/F\u00edsica)<\/option><option value=\"11.Licenciada\/o en Pedagog\u00eda\">11.Licenciada\/o en Pedagog\u00eda<\/option><option value=\"12.Licenciado en Ciencias Sociales\">12.Licenciado en Ciencias Sociales<\/option><option value=\"13.M\u00e9dico Geriatra\">13.M\u00e9dico Geriatra<\/option><option value=\"14.M\u00e9dico Neur\u00f3logo\">14.M\u00e9dico Neur\u00f3logo<\/option><option value=\"15.M\u00e9dico Psiquiatra\">15.M\u00e9dico Psiquiatra<\/option><option value=\"16.M\u00e9dico Fisiatra\">16.M\u00e9dico Fisiatra<\/option><option value=\"17.M\u00e9dico General\">17.M\u00e9dico General<\/option><option value=\"18.Medico Internista\">18.Medico Internista<\/option><option value=\"19.M\u00e9dico Familiar\">19.M\u00e9dico Familiar<\/option><option value=\"20.M\u00e9dico otra especialidad\">20.M\u00e9dico otra especialidad<\/option><option value=\"21.Nutricionista\">21.Nutricionista<\/option><option value=\"22.Periodista\">22.Periodista<\/option><option value=\"23.Psic\u00f3logo\/a\">23.Psic\u00f3logo\/a<\/option><option value=\"24.Psicopedagoga\/o\">24.Psicopedagoga\/o<\/option><option value=\"25.Terapeuta Ocupacional\">25.Terapeuta Ocupacional<\/option><option value=\"26.Trabajador\/a social\">26.Trabajador\/a social<\/option><option value=\"27.Qu\u00edmico\/a farmac\u00e9utico\">27.Qu\u00edmico\/a farmac\u00e9utico<\/option><option value=\"28.Soci\u00f3logo\/a\">28.Soci\u00f3logo\/a<\/option><option value=\"29.T\u00e9cnico en enfermer\u00eda\">29.T\u00e9cnico en enfermer\u00eda<\/option><\/select><\/span><br \/>\n<label><b>Otra Ocupaci\u00f3n<\/b><br \/>\n<span class=\"wpcf7-form-control-wrap otra-ocupacion\"><input type=\"text\" name=\"otra-ocupacion\" value=\"\" size=\"40\" class=\"wpcf7-form-control wpcf7-text\" aria-invalid=\"false\" \/><\/span> <\/label><\/p>\n<p><label><b>Estudiante especificar carrera<\/b><br \/>\n<span class=\"wpcf7-form-control-wrap estudiantecarrera\"><input type=\"text\" name=\"estudiantecarrera\" value=\"\" size=\"40\" class=\"wpcf7-form-control wpcf7-text\" aria-invalid=\"false\" \/><\/span> <\/label><\/p>\n<p><b>Lugar de Trabajo<\/b><br \/>\n<span class=\"wpcf7-form-control-wrap ltrabajo\"><span class=\"wpcf7-form-control wpcf7-checkbox\"><span class=\"wpcf7-list-item first\"><input type=\"checkbox\" name=\"ltrabajo[]\" value=\"Centro de atenci\u00f3n primaria\" \/><span class=\"wpcf7-list-item-label\">Centro de atenci\u00f3n primaria<\/span><\/span><span class=\"wpcf7-list-item\"><input type=\"checkbox\" name=\"ltrabajo[]\" value=\"Centro de especialidad ambulatorio\" \/><span class=\"wpcf7-list-item-label\">Centro de especialidad ambulatorio<\/span><\/span><span class=\"wpcf7-list-item\"><input type=\"checkbox\" name=\"ltrabajo[]\" value=\"Centro diurno\" \/><span class=\"wpcf7-list-item-label\">Centro diurno<\/span><\/span><span class=\"wpcf7-list-item\"><input type=\"checkbox\" name=\"ltrabajo[]\" value=\"Centro de rehabilitaci\u00f3n\" \/><span class=\"wpcf7-list-item-label\">Centro de rehabilitaci\u00f3n<\/span><\/span><span class=\"wpcf7-list-item\"><input type=\"checkbox\" name=\"ltrabajo[]\" value=\"Hospital\" \/><span class=\"wpcf7-list-item-label\">Hospital<\/span><\/span><span class=\"wpcf7-list-item\"><input type=\"checkbox\" name=\"ltrabajo[]\" value=\"Municipio\" \/><span class=\"wpcf7-list-item-label\">Municipio<\/span><\/span><span class=\"wpcf7-list-item\"><input type=\"checkbox\" name=\"ltrabajo[]\" value=\"ONG\" \/><span class=\"wpcf7-list-item-label\">ONG<\/span><\/span><span class=\"wpcf7-list-item\"><input type=\"checkbox\" name=\"ltrabajo[]\" value=\"Residencia larga estad\u00eda\" \/><span class=\"wpcf7-list-item-label\">Residencia larga estad\u00eda<\/span><\/span><span class=\"wpcf7-list-item\"><input type=\"checkbox\" name=\"ltrabajo[]\" value=\"Servicio de Urgencia\" \/><span class=\"wpcf7-list-item-label\">Servicio de Urgencia<\/span><\/span><span class=\"wpcf7-list-item last\"><input type=\"checkbox\" name=\"ltrabajo[]\" value=\"Universidad-Centro de formaci\u00f3n superior\" \/><span class=\"wpcf7-list-item-label\">Universidad-Centro de formaci\u00f3n superior<\/span><\/span><\/span><\/span><\/p>\n<p><label><b>Otro lugar de trabajo<\/b><br \/>\n    <span class=\"wpcf7-form-control-wrap oltrabajo\"><input type=\"text\" name=\"oltrabajo\" value=\"\" size=\"40\" class=\"wpcf7-form-control wpcf7-text\" aria-invalid=\"false\" \/><\/span> <\/label><\/p>\n<p><b>Modalidad de Trabajo<\/b><br \/>\n<span class=\"wpcf7-form-control-wrap modalidadtrabajo\"><span class=\"wpcf7-form-control wpcf7-checkbox\"><span class=\"wpcf7-list-item first\"><input type=\"checkbox\" name=\"modalidadtrabajo[]\" value=\"Instituci\u00f3n Publica\" \/><span class=\"wpcf7-list-item-label\">Instituci\u00f3n Publica<\/span><\/span><span class=\"wpcf7-list-item last\"><input type=\"checkbox\" name=\"modalidadtrabajo[]\" value=\"Instituci\u00f3n Privada\" \/><span class=\"wpcf7-list-item-label\">Instituci\u00f3n Privada<\/span><\/span><\/span><\/span><\/p>\n<p><b>\u00bfCu\u00e1l es su vinculaci\u00f3n con la tem\u00e1tica del libro?<\/b><br \/>\n<span class=\"wpcf7-form-control-wrap vinculatematica\"><span class=\"wpcf7-form-control wpcf7-checkbox\"><span class=\"wpcf7-list-item first\"><input type=\"checkbox\" name=\"vinculatematica[]\" value=\"1. Atenci\u00f3n cl\u00ednica\" \/><span class=\"wpcf7-list-item-label\">1. Atenci\u00f3n cl\u00ednica<\/span><\/span><span class=\"wpcf7-list-item\"><input type=\"checkbox\" name=\"vinculatematica[]\" value=\"2. Atenci\u00f3n social\" \/><span class=\"wpcf7-list-item-label\">2. Atenci\u00f3n social<\/span><\/span><span class=\"wpcf7-list-item\"><input type=\"checkbox\" name=\"vinculatematica[]\" value=\"3.Aspectos \u00e9tico\/jur\u00eddicos\" \/><span class=\"wpcf7-list-item-label\">3.Aspectos \u00e9tico\/jur\u00eddicos<\/span><\/span><span class=\"wpcf7-list-item\"><input type=\"checkbox\" name=\"vinculatematica[]\" value=\"4. Cuidador no remunerado\" \/><span class=\"wpcf7-list-item-label\">4. Cuidador no remunerado<\/span><\/span><span class=\"wpcf7-list-item\"><input type=\"checkbox\" name=\"vinculatematica[]\" value=\"5. Cuidador remunerado\" \/><span class=\"wpcf7-list-item-label\">5. Cuidador remunerado<\/span><\/span><span class=\"wpcf7-list-item\"><input type=\"checkbox\" name=\"vinculatematica[]\" value=\"6. Dise\u00f1o\/construcci\u00f3n\" \/><span class=\"wpcf7-list-item-label\">6. Dise\u00f1o\/construcci\u00f3n<\/span><\/span><span class=\"wpcf7-list-item\"><input type=\"checkbox\" name=\"vinculatematica[]\" value=\"7. Educaci\u00f3n y capacitaci\u00f3n\" \/><span class=\"wpcf7-list-item-label\">7. Educaci\u00f3n y capacitaci\u00f3n<\/span><\/span><span class=\"wpcf7-list-item\"><input type=\"checkbox\" name=\"vinculatematica[]\" value=\"8. Educaci\u00f3n universitaria\" \/><span class=\"wpcf7-list-item-label\">8. Educaci\u00f3n universitaria<\/span><\/span><span class=\"wpcf7-list-item\"><input type=\"checkbox\" name=\"vinculatematica[]\" value=\"9. Educaci\u00f3n a la comunidad\" \/><span class=\"wpcf7-list-item-label\">9. Educaci\u00f3n a la comunidad<\/span><\/span><span class=\"wpcf7-list-item\"><input type=\"checkbox\" name=\"vinculatematica[]\" value=\"10. ONG\" \/><span class=\"wpcf7-list-item-label\">10. ONG<\/span><\/span><span class=\"wpcf7-list-item\"><input type=\"checkbox\" name=\"vinculatematica[]\" value=\"11. Gesti\u00f3n en salud\/social\" \/><span class=\"wpcf7-list-item-label\">11. Gesti\u00f3n en salud\/social<\/span><\/span><span class=\"wpcf7-list-item\"><input type=\"checkbox\" name=\"vinculatematica[]\" value=\"12. Investigaci\u00f3n\" \/><span class=\"wpcf7-list-item-label\">12. Investigaci\u00f3n<\/span><\/span><span class=\"wpcf7-list-item\"><input type=\"checkbox\" name=\"vinculatematica[]\" value=\"13. Periodismo\/ Difusi\u00f3n\" \/><span class=\"wpcf7-list-item-label\">13. Periodismo\/ Difusi\u00f3n<\/span><\/span><span class=\"wpcf7-list-item\"><input type=\"checkbox\" name=\"vinculatematica[]\" value=\"14. Pol\u00edticas p\u00fablicas\" \/><span class=\"wpcf7-list-item-label\">14. Pol\u00edticas p\u00fablicas<\/span><\/span><span class=\"wpcf7-list-item\"><input type=\"checkbox\" name=\"vinculatematica[]\" value=\"15. Voluntariado\" \/><span class=\"wpcf7-list-item-label\">15. Voluntariado<\/span><\/span><span class=\"wpcf7-list-item last\"><input type=\"checkbox\" name=\"vinculatematica[]\" value=\"16. Otra (especificar)\" \/><span class=\"wpcf7-list-item-label\">16. Otra (especificar)<\/span><\/span><\/span><\/span><\/p>\n<p><label><b>Especifica otra vinculaci\u00f3n<\/b><br \/>\n    <span class=\"wpcf7-form-control-wrap ovinculacion\"><input type=\"text\" name=\"ovinculacion\" value=\"\" size=\"40\" class=\"wpcf7-form-control wpcf7-text\" aria-invalid=\"false\" \/><\/span> <\/label><\/p>\n<p><b>\u00bfC\u00f3mo supo del libro?<\/b><br \/>\n<span class=\"wpcf7-form-control-wrap comosupo\"><span class=\"wpcf7-form-control wpcf7-checkbox\"><span class=\"wpcf7-list-item first\"><input type=\"checkbox\" name=\"comosupo[]\" value=\"1. Por b\u00fasqueda en Internet\" \/><span class=\"wpcf7-list-item-label\">1. Por b\u00fasqueda en Internet<\/span><\/span><span class=\"wpcf7-list-item\"><input type=\"checkbox\" name=\"comosupo[]\" value=\"2. Por redes sociales o prensa\" \/><span class=\"wpcf7-list-item-label\">2. Por redes sociales o prensa<\/span><\/span><span class=\"wpcf7-list-item\"><input type=\"checkbox\" name=\"comosupo[]\" value=\"3. Mediante un amigo\" \/><span class=\"wpcf7-list-item-label\">3. Mediante un amigo<\/span><\/span><span class=\"wpcf7-list-item\"><input type=\"checkbox\" name=\"comosupo[]\" value=\"4. Mediante compa\u00f1ero\/a de trabajo\" \/><span class=\"wpcf7-list-item-label\">4. Mediante compa\u00f1ero\/a de trabajo<\/span><\/span><span class=\"wpcf7-list-item\"><input type=\"checkbox\" name=\"comosupo[]\" value=\"5. En Actividad Acad\u00e9mica\" \/><span class=\"wpcf7-list-item-label\">5. En Actividad Acad\u00e9mica<\/span><\/span><span class=\"wpcf7-list-item last\"><input type=\"checkbox\" name=\"comosupo[]\" value=\"6. Otra forma\" \/><span class=\"wpcf7-list-item-label\">6. Otra forma<\/span><\/span><\/span><\/span><\/p>\n<p><label><b>Especificar como supo del libro<\/b><br \/>\n<span class=\"wpcf7-form-control-wrap comosupoesp\"><input type=\"text\" name=\"comosupoesp\" value=\"\" size=\"40\" class=\"wpcf7-form-control wpcf7-text\" aria-invalid=\"false\" \/><\/span> <\/label><\/p>\n<p><span class=\"wpcf7-form-control-wrap aceptoresinfo\"><span class=\"wpcf7-form-control wpcf7-checkbox\"><span class=\"wpcf7-list-item first last\"><input type=\"checkbox\" name=\"aceptoresinfo[]\" value=\"Acepto recibir informaci\u00f3n y actualizaciones de demencias.cl en mi correo electr\u00f3nico.\" \/><span class=\"wpcf7-list-item-label\">Acepto recibir informaci\u00f3n y actualizaciones de demencias.cl en mi correo electr\u00f3nico.<\/span><\/span><\/span><\/span> <\/p>\n<hr>\n<b>Aceptaci\u00f3n de t\u00e9rminos y condiciones de uso:<\/b><span class=\"wpcf7-form-control-wrap autorizo-uso\"><span class=\"wpcf7-form-control wpcf7-acceptance\"><span class=\"wpcf7-list-item\"><input type=\"checkbox\" name=\"autorizo-uso\" value=\"1\" aria-invalid=\"false\" \/><\/span><\/span><\/span><label> Al registrase en demencias.cl usted queda autorizado para descargar y utilizar el Libro \u201cDemencias: una mirada biopsicosocial\u201d, de forma personal.  La reproducci\u00f3n o distribuci\u00f3n del material no est\u00e1 permitida sin la autorizaci\u00f3n expresa de los editores.  Para consultas sobre esta u otra materia respectiva al libro favor escribir a demenciasmiradabiopsicosocial@gmail.com<\/label><br \/>\n<input type=\"submit\" value=\"Registrar\" class=\"wpcf7-form-control wpcf7-submit\" \/><\/hr>\n<div class=\"wpcf7-response-output\" role=\"alert\" aria-hidden=\"true\"><\/div><\/form><\/div>\n","protected":false},"excerpt":{"rendered":"<p>Una vez ingresados&nbsp; sus datos recibir\u00e1 en su correo electr\u00f3nico un link para descargar la versi\u00f3n pdf del Libro &#8220;Demencias: una mirada biopsicosocial.&#8220;<\/p>\n","protected":false},"author":1,"featured_media":0,"parent":0,"menu_order":0,"comment_status":"closed","ping_status":"closed","template":"","meta":[],"_links":{"self":[{"href":"https:\/\/www.demencias.cl\/index.php?rest_route=\/wp\/v2\/pages\/4720"}],"collection":[{"href":"https:\/\/www.demencias.cl\/index.php?rest_route=\/wp\/v2\/pages"}],"about":[{"href":"https:\/\/www.demencias.cl\/index.php?rest_route=\/wp\/v2\/types\/page"}],"author":[{"embeddable":true,"href":"https:\/\/www.demencias.cl\/index.php?rest_route=\/wp\/v2\/users\/1"}],"replies":[{"embeddable":true,"href":"https:\/\/www.demencias.cl\/index.php?rest_route=%2Fwp%2Fv2%2Fcomments&post=4720"}],"version-history":[{"count":9,"href":"https:\/\/www.demencias.cl\/index.php?rest_route=\/wp\/v2\/pages\/4720\/revisions"}],"predecessor-version":[{"id":4855,"href":"https:\/\/www.demencias.cl\/index.php?rest_route=\/wp\/v2\/pages\/4720\/revisions\/4855"}],"wp:attachment":[{"href":"https:\/\/www.demencias.cl\/index.php?rest_route=%2Fwp%2Fv2%2Fmedia&parent=4720"}],"curies":[{"name":"wp","href":"https:\/\/api.w.org\/{rel}","templated":true}]}}