{"id":3296,"date":"2017-01-19T05:46:37","date_gmt":"2017-01-19T05:46:37","guid":{"rendered":"http:\/\/demo.theme4press.com\/evolve\/?page_id=3296"},"modified":"2019-11-25T14:04:19","modified_gmt":"2019-11-25T14:04:19","slug":"our-team","status":"publish","type":"page","link":"https:\/\/www.demencias.cl\/?page_id=3296","title":{"rendered":"Equipo"},"content":{"rendered":"<p style=\"text-align: justify;\"><strong>\u00a0<img loading=\"lazy\" class=\"alignnone size-full wp-image-4841\" src=\"https:\/\/www.demencias.cl\/wp-content\/uploads\/2019\/11\/Jose-Miguel-Aravena-EQ-120b.jpg\" alt=\"\" width=\"120\" height=\"130\" \/><\/strong><\/p>\n<p style=\"text-align: justify;\"><strong>Jos<\/strong><strong>\u00e9 <\/strong><strong>Miguel Aravena Castro <\/strong>es Terapeuta ocupacional por la Universidad de Chile y cuenta con el grado de Mag\u00edster en envejecimiento y calidad de vida por la misma casa de estudios. Posee vasta experiencia cl\u00ednica, docente y en investigaci\u00f3n en tem\u00e1ticas de geriatr\u00eda y personas con demencia a nivel comunitario y hospitalario. Particip\u00f3 en el desarrollo e implementaci\u00f3n del proyecto que dio origen al Centro Kintun (SENAMA &#8211; Municipalidad de Pe\u00f1alol\u00e9n). Ha asesorado como experto mesas de trabajo del Ministerio de Salud para la implementaci\u00f3n de Plan Nacional de Demencia y otras tem\u00e1ticas vinculadas a salud mental y vejez. Se desempe\u00f1\u00f3 como docente en la Universidad Bernardo O&#8217; Higgins y como investigador asociado en el INTA de la Universidad Chile. Actualmente se encuentra cursando estudios de doctorado en ciencias sociales y de la conducta en la Escuela de Salud P\u00fablica de la Universidad de Yale en Estados Unidos.<\/p>\n<hr \/>\n<p style=\"text-align: justify;\"><strong><img loading=\"lazy\" class=\"alignnone size-full wp-image-4822\" src=\"https:\/\/www.demencias.cl\/wp-content\/uploads\/2019\/11\/marilu-budinich-EQ-120.jpg\" alt=\"\" width=\"120\" height=\"130\" \/> <\/strong><\/p>\n<p style=\"text-align: justify;\"><strong>Maril\u00fa Isabel de Lourdes Budinich Villouta <\/strong>es M\u00e9dico Geriatra. Diplomada en administraci\u00f3n y gesti\u00f3n en salud, en neuropsiquiatr\u00eda y neuropsicolog\u00eda del adulto y posee formaci\u00f3n de post\u00edtulo en cuidados paliativos. Cuenta con relevante experiencia cl\u00ednica en geriatr\u00eda, tanto a nivel hospitalario como ambulatorio, comunitario y en residencias de larga estad\u00eda. Ha participado como experta en mesas de trabajo del Ministerio de Salud para el desarrollo e implementaci\u00f3n de Plan Nacional de Demencia. Fue integrante del equipo formulador del proyecto que dio origen al Centro Kintun (SENAMA &#8211; Municipalidad de Pe\u00f1alol\u00e9n), y fue directora de este dispositivo durante su implementaci\u00f3n. Actualmente se desempe\u00f1a como consultora independiente y relatora en tem\u00e1ticas relativas a personas con demencia y geriatr\u00eda.<\/p>\n<hr \/>\n<p style=\"text-align: justify;\"><strong><img loading=\"lazy\" class=\"alignnone size-full wp-image-4845\" src=\"https:\/\/www.demencias.cl\/wp-content\/uploads\/2019\/11\/Jose-Miguel-Aravena-EQ-120b-1.jpg\" alt=\"\" width=\"120\" height=\"130\" \/> <\/strong><\/p>\n<p style=\"text-align: justify;\"><strong>Jean Gajardo Jauregui <\/strong>es Terapeuta ocupacional y Doctor en Salud P\u00fablica por la Universidad de Chile. Cuenta con relevante experiencia en investigaci\u00f3n, docencia y transferencia a pol\u00edticas p\u00fablicas de intervenciones psicosociales en envejecimiento. Fue integrante del equipo formulador del proyecto que dio origen al Centro Kintun (SENAMA &#8211; Municipalidad de Pe\u00f1alol\u00e9n) y ha colaborado como experto en mesas de trabajo del Ministerio de Salud para el desarrollo del Plan Nacional de Demencia y otras tem\u00e1ticas vinculadas a salud y envejecimiento. Se desempe\u00f1a como acad\u00e9mico en la Universidad Central y la Universidad de Chile.<\/p>\n<hr \/>\n<p style=\"text-align: justify;\"><strong><img loading=\"lazy\" class=\"alignnone size-full wp-image-4853\" src=\"https:\/\/www.demencias.cl\/wp-content\/uploads\/2019\/11\/patricio-fuentes-EQ-120-1.jpg\" alt=\"\" width=\"120\" height=\"130\" \/> <\/strong><\/p>\n<p style=\"text-align: justify;\"><strong>Patricio Fuentes Guglielmetti <\/strong>es M\u00e9dico Neur\u00f3logo con una vasta experiencia cl\u00ednica, docente y de investigaci\u00f3n en neurolog\u00eda del envejecimiento y enfermedades neurol\u00f3gicas demenciantes. Fue integrante del equipo formulador del proyecto que dio origen al Centro Kintun (SENAMA &#8211; Municipalidad de Pe\u00f1alol\u00e9n) y ha colaborado como experto en mesa de trabajo del Ministerio de Salud para el desarrollo del Plan Nacional de Demencia. Se desempe\u00f1a como Neur\u00f3logo en la Secci\u00f3n de Geriatr\u00eda del Hospital Cl\u00ednico Universidad de Chile y de la Unidad de Neurolog\u00eda Cognitiva y Demencias del Hospital del Salvador. Tambi\u00e9n es Profesor Asociado de la Facultad de Medicina en la Universidad de Chile, Asesor cient\u00edfico de Corporaci\u00f3n Alzheimer Chile e integrante del Alzheimer \u0301s Disease International medical and scientific advisory panel.<\/p>\n","protected":false},"excerpt":{"rendered":"<p>\u00a0 Jos\u00e9 Miguel Aravena Castro es Terapeuta ocupacional por la Universidad de Chile y cuenta con el grado de Mag\u00edster en envejecimiento y calidad de vida por la misma casa de estudios. Posee vasta experiencia cl\u00ednica, docente y en investigaci\u00f3n en tem\u00e1ticas de geriatr\u00eda y personas con demencia a nivel comunitario y hospitalario. Particip\u00f3 en [&hellip;]<\/p>\n","protected":false},"author":1,"featured_media":0,"parent":0,"menu_order":0,"comment_status":"closed","ping_status":"closed","template":"","meta":[],"_links":{"self":[{"href":"https:\/\/www.demencias.cl\/index.php?rest_route=\/wp\/v2\/pages\/3296"}],"collection":[{"href":"https:\/\/www.demencias.cl\/index.php?rest_route=\/wp\/v2\/pages"}],"about":[{"href":"https:\/\/www.demencias.cl\/index.php?rest_route=\/wp\/v2\/types\/page"}],"author":[{"embeddable":true,"href":"https:\/\/www.demencias.cl\/index.php?rest_route=\/wp\/v2\/users\/1"}],"replies":[{"embeddable":true,"href":"https:\/\/www.demencias.cl\/index.php?rest_route=%2Fwp%2Fv2%2Fcomments&post=3296"}],"version-history":[{"count":9,"href":"https:\/\/www.demencias.cl\/index.php?rest_route=\/wp\/v2\/pages\/3296\/revisions"}],"predecessor-version":[{"id":4854,"href":"https:\/\/www.demencias.cl\/index.php?rest_route=\/wp\/v2\/pages\/3296\/revisions\/4854"}],"wp:attachment":[{"href":"https:\/\/www.demencias.cl\/index.php?rest_route=%2Fwp%2Fv2%2Fmedia&parent=3296"}],"curies":[{"name":"wp","href":"https:\/\/api.w.org\/{rel}","templated":true}]}}